{"id":212,"date":"2019-06-26T11:09:28","date_gmt":"2019-06-26T11:09:28","guid":{"rendered":"https:\/\/generativaconsulting.com\/?page_id=212"},"modified":"2026-03-23T18:30:43","modified_gmt":"2026-03-23T18:30:43","slug":"executive-training","status":"publish","type":"page","link":"https:\/\/generativaconsulting.com\/es\/executive-training\/","title":{"rendered":"CAPACITACI\u00d3N PARA EJECUTIVOS"},"content":{"rendered":"<div data-elementor-type=\"wp-post\" data-elementor-id=\"212\" class=\"elementor elementor-212\" data-elementor-post-type=\"page\">\n\t\t\t\t<div class=\"elementor-element elementor-element-531eca0 e-con-full e-flex e-con e-parent\" data-id=\"531eca0\" data-element_type=\"container\" data-settings=\"{&quot;background_background&quot;:&quot;classic&quot;}\">\n\t\t<div class=\"elementor-element elementor-element-53f7a3e aux-appear-watch-animation aux-fade-in-right e-con-full e-flex e-con e-child\" data-id=\"53f7a3e\" data-element_type=\"container\">\n\t\t\t\t<div class=\"elementor-element elementor-element-03801a0 elementor-widget elementor-widget-aux_icon_list\" data-id=\"03801a0\" data-element_type=\"widget\" data-widget_type=\"aux_icon_list.default\">\n\t\t\t\t<div class=\"elementor-widget-container\">\n\t\t\t\t\t<section class=\"widget-container aux-widget-icon-list aux-parent-aud86fd89d\"><div class=\"widget-inner\"><div class=\"aux-widget-icon-list-inner\"><ul class=\"aux-icon-list-items aux-direction-horizontal\"><li class=\"aux-icon-list-item aux-list-item-has-connector aux-list-item-has-icon aux-icon-list-item-a394efb elementor-repeater-item-a394efb\"><span class=\"aux-icon-list-text\">HOME  .<\/span><span class=\"aux-list-connector\"><\/span><\/li><li class=\"aux-icon-list-item aux-list-item-has-connector aux-list-item-has-icon aux-icon-list-item-fa10854 elementor-repeater-item-fa10854\"><span class=\"aux-icon-list-text\">EXECUTIVE<\/span><span class=\"aux-list-connector\"><\/span><\/li><\/ul><\/div><\/div><\/section><!-- widget-container -->\t\t\t\t<\/div>\n\t\t\t\t<\/div>\n\t\t\t\t<div class=\"elementor-element elementor-element-3fc476d elementor-widget elementor-widget-aux_modern_heading\" data-id=\"3fc476d\" data-element_type=\"widget\" data-widget_type=\"aux_modern_heading.default\">\n\t\t\t\t<div class=\"elementor-widget-container\">\n\t\t\t\t\t<section class=\"aux-widget-modern-heading\">\n            <div class=\"aux-widget-inner\"><h6 class=\"aux-modern-heading-primary\">CAPACITACI\u00d3N PARA EJECUTIVOS<\/h6><\/div>\n        <\/section>\t\t\t\t<\/div>\n\t\t\t\t<\/div>\n\t\t\t\t<div class=\"elementor-element elementor-element-58de33a elementor-widget elementor-widget-heading\" data-id=\"58de33a\" data-element_type=\"widget\" data-widget_type=\"heading.default\">\n\t\t\t\t<div class=\"elementor-widget-container\">\n\t\t\t\t\t<h2 class=\"elementor-heading-title elementor-size-default\">IA Empresarial para ejecutivos<\/h2>\t\t\t\t<\/div>\n\t\t\t\t<\/div>\n\t\t\t\t<\/div>\n\t\t\t\t<\/div>\n\t\t<div class=\"elementor-element elementor-element-b4debf4 e-flex e-con-boxed e-con e-parent\" data-id=\"b4debf4\" data-element_type=\"container\">\n\t\t\t\t\t<div class=\"e-con-inner\">\n\t\t\t\t<div class=\"elementor-element elementor-element-730d282 elementor-widget elementor-widget-text-editor\" data-id=\"730d282\" data-element_type=\"widget\" data-widget_type=\"text-editor.default\">\n\t\t\t\t<div class=\"elementor-widget-container\">\n\t\t\t\t\t\t\t\t\t<ul>\n<li class=\"css-146c3p1 r-bcqeeo r-1ttztb7 r-qvutc0 r-37j5jr r-a023e6 r-16dba41 r-1adg3ll r-1b5gpbm r-a8ghvy\" dir=\"ltr\"><strong><span class=\"css-1jxf684 r-bcqeeo r-1ttztb7 r-qvutc0 r-poiln3 r-b88u0q r-a8ghvy\"><span class=\"css-1jxf684 r-bcqeeo r-1ttztb7 r-qvutc0 r-poiln3\"><span class=\"css-1jxf684 r-bcqeeo r-1ttztb7 r-qvutc0 r-poiln3 r-a8ghvy\">Formato<\/span><\/span><\/span><\/strong><span class=\"css-1jxf684 r-bcqeeo r-1ttztb7 r-qvutc0 r-poiln3 r-a8ghvy\"><span class=\"css-1jxf684 r-bcqeeo r-1ttztb7 r-qvutc0 r-poiln3\"><strong>:<\/strong> Online o presencial<\/span><\/span><\/li>\n<li>\n<div class=\"css-146c3p1 r-bcqeeo r-1ttztb7 r-qvutc0 r-37j5jr r-a023e6 r-rjixqe r-16dba41\" dir=\"ltr\"><strong><span class=\"css-1jxf684 r-bcqeeo r-1ttztb7 r-qvutc0 r-poiln3 r-b88u0q r-a8ghvy\"><span class=\"css-1jxf684 r-bcqeeo r-1ttztb7 r-qvutc0 r-poiln3\"><span class=\"css-1jxf684 r-bcqeeo r-1ttztb7 r-qvutc0 r-poiln3 r-a8ghvy\">Duraci\u00f3n<\/span><\/span><\/span><\/strong><span class=\"css-1jxf684 r-bcqeeo r-1ttztb7 r-qvutc0 r-poiln3 r-a8ghvy\"><span class=\"css-1jxf684 r-bcqeeo r-1ttztb7 r-qvutc0 r-poiln3\"><strong>:<\/strong>&nbsp;6 horas (100% pr\u00e1ctica)&nbsp;<\/span><\/span><\/div>\n<\/li>\n<li>\n<div class=\"css-146c3p1 r-bcqeeo r-1ttztb7 r-qvutc0 r-37j5jr r-a023e6 r-rjixqe r-16dba41\" dir=\"ltr\"><strong><span class=\"css-1jxf684 r-bcqeeo r-1ttztb7 r-qvutc0 r-poiln3 r-b88u0q r-a8ghvy\"><span class=\"css-1jxf684 r-bcqeeo r-1ttztb7 r-qvutc0 r-poiln3\"><span class=\"css-1jxf684 r-bcqeeo r-1ttztb7 r-qvutc0 r-poiln3 r-a8ghvy\">Dirigido a<\/span><\/span><\/span><\/strong><span class=\"css-1jxf684 r-bcqeeo r-1ttztb7 r-qvutc0 r-poiln3 r-a8ghvy\"><span class=\"css-1jxf684 r-bcqeeo r-1ttztb7 r-qvutc0 r-poiln3\"><strong>:<\/strong> Ejecutivos que buscan ganar conocimientos s\u00f3lidos sobre IA para el trabajo.<\/span><\/span><\/div>\n<\/li>\n<li>\n<div class=\"css-146c3p1 r-bcqeeo r-1ttztb7 r-qvutc0 r-37j5jr r-a023e6 r-rjixqe r-16dba41\" dir=\"ltr\"><strong><span class=\"css-1jxf684 r-bcqeeo r-1ttztb7 r-qvutc0 r-poiln3 r-b88u0q r-a8ghvy\"><span class=\"css-1jxf684 r-bcqeeo r-1ttztb7 r-qvutc0 r-poiln3\"><span class=\"css-1jxf684 r-bcqeeo r-1ttztb7 r-qvutc0 r-poiln3 r-a8ghvy\">Objetivo<\/span><\/span><\/span><\/strong><span class=\"css-1jxf684 r-bcqeeo r-1ttztb7 r-qvutc0 r-poiln3 r-a8ghvy\"><span class=\"css-1jxf684 r-bcqeeo r-1ttztb7 r-qvutc0 r-poiln3\"><strong>:<\/strong> Proporcionar una visi\u00f3n clara y pr\u00e1ctica sobre c\u00f3mo usar la IA profesionalmente, m\u00e1s all\u00e1 del uso com\u00fan.<\/span><\/span><\/div>\n<\/li>\n<li><strong>Valor:<\/strong>&nbsp;$<span style=\"text-decoration: line-through;\">200<\/span><span class=\"EOP SCXW91907685 BCX0\" data-ccp-props=\"{}\">&nbsp;por participante<\/span>&nbsp;(-30% de descuento para empresas salvadore\u00f1as)<\/li>\n<\/ul>\t\t\t\t\t\t\t\t<\/div>\n\t\t\t\t<\/div>\n\t\t\t\t\t<\/div>\n\t\t\t\t<\/div>\n\t\t<div class=\"elementor-element elementor-element-2850c6b e-flex e-con-boxed e-con e-parent\" data-id=\"2850c6b\" data-element_type=\"container\">\n\t\t\t\t\t<div class=\"e-con-inner\">\n\t\t\t\t<div class=\"elementor-element elementor-element-c3b3921 elementor-align-center elementor-widget elementor-widget-button\" data-id=\"c3b3921\" data-element_type=\"widget\" data-widget_type=\"button.default\">\n\t\t\t\t<div class=\"elementor-widget-container\">\n\t\t\t\t\t\t\t\t\t<div class=\"elementor-button-wrapper\">\n\t\t\t\t\t<a class=\"elementor-button elementor-button-link elementor-size-sm\" href=\"https:\/\/wa.link\/2ps7a7\">\n\t\t\t\t\t\t<span class=\"elementor-button-content-wrapper\">\n\t\t\t\t\t\t\t\t\t<span class=\"elementor-button-text\">Quiero un cupo<\/span>\n\t\t\t\t\t<\/span>\n\t\t\t\t\t<\/a>\n\t\t\t\t<\/div>\n\t\t\t\t\t\t\t\t<\/div>\n\t\t\t\t<\/div>\n\t\t\t\t<div class=\"elementor-element elementor-element-5a886fd elementor-widget elementor-widget-image\" data-id=\"5a886fd\" data-element_type=\"widget\" data-widget_type=\"image.default\">\n\t\t\t\t<div class=\"elementor-widget-container\">\n\t\t\t\t\t\t\t\t\t\t\t\t\t\t\t<img decoding=\"async\" src=\"https:\/\/generativaconsulting.com\/wp-content\/uploads\/elementor\/thumbs\/Diseno-sin-titulo-28-r8yrznm2uhq6zr2g6zfdgxic6pio1bpgco2v5hkqe8.png\" title=\"Disen\u0303o sin ti\u0301tulo (28)\" alt=\"Disen\u0303o sin ti\u0301tulo (28)\" loading=\"lazy\" \/>\t\t\t\t\t\t\t\t\t\t\t\t\t\t\t<\/div>\n\t\t\t\t<\/div>\n\t\t\t\t<div class=\"elementor-element elementor-element-d208aad elementor-align-center elementor-widget elementor-widget-button\" data-id=\"d208aad\" data-element_type=\"widget\" data-widget_type=\"button.default\">\n\t\t\t\t<div class=\"elementor-widget-container\">\n\t\t\t\t\t\t\t\t\t<div class=\"elementor-button-wrapper\">\n\t\t\t\t\t<a class=\"elementor-button elementor-button-link elementor-size-sm\" href=\"https:\/\/wa.link\/2ps7a7\">\n\t\t\t\t\t\t<span class=\"elementor-button-content-wrapper\">\n\t\t\t\t\t\t\t\t\t<span class=\"elementor-button-text\">Inscr\u00edbete ahora<\/span>\n\t\t\t\t\t<\/span>\n\t\t\t\t\t<\/a>\n\t\t\t\t<\/div>\n\t\t\t\t\t\t\t\t<\/div>\n\t\t\t\t<\/div>\n\t\t\t\t<div class=\"elementor-element elementor-element-f4e1c28 elementor-widget elementor-widget-text-editor\" data-id=\"f4e1c28\" data-element_type=\"widget\" data-widget_type=\"text-editor.default\">\n\t\t\t\t<div class=\"elementor-widget-container\">\n\t\t\t\t\t\t\t\t\t<ul dir=\"ltr\"><li><div class=\"css-146c3p1 r-bcqeeo r-1ttztb7 r-qvutc0 r-37j5jr r-a023e6 r-rjixqe r-16dba41\" dir=\"ltr\"><h3 data-start=\"148\" data-end=\"223\"><img decoding=\"async\" class=\"emoji\" role=\"img\" draggable=\"false\" src=\"https:\/\/s.w.org\/images\/core\/emoji\/15.1.0\/svg\/1f9e0.svg\" alt=\"\ud83e\udde0\" \/> <em data-start=\"154\" data-end=\"221\">La habilidad que los ejecutivos m\u00e1s buscados ya est\u00e1n aprendiendo<\/em><\/h3><h3 data-start=\"224\" data-end=\"271\">Certificado incluido<\/h3><p data-start=\"273\" data-end=\"428\">Hoy, las empresas no est\u00e1n buscando solo experiencia.<br data-start=\"326\" data-end=\"329\" \/><strong data-start=\"329\" data-end=\"366\">Buscan l\u00edderes que sepan usar IA.<\/strong><br data-start=\"366\" data-end=\"369\" \/>Y cada vez hay menos espacio para los que no se actualizan.<\/p><p data-start=\"430\" data-end=\"700\">Domina las herramientas de inteligencia artificial que ya est\u00e1n transformando el trabajo ejecutivo.<br data-start=\"529\" data-end=\"532\" \/>En esta masterclass exclusiva descubrir\u00e1s <strong data-start=\"574\" data-end=\"627\">c\u00f3mo aplicar la IA para destacar profesionalmente<\/strong>, liderar con visi\u00f3n y mantenerte relevante en el mercado actual.<\/p><p data-start=\"702\" data-end=\"970\"><img decoding=\"async\" class=\"emoji\" role=\"img\" draggable=\"false\" src=\"https:\/\/s.w.org\/images\/core\/emoji\/15.1.0\/svg\/1f4cc.svg\" alt=\"\ud83d\udccc\" \/> <strong data-start=\"705\" data-end=\"730\">Lo que vas a obtener:<\/strong><br data-start=\"730\" data-end=\"733\" \/><img decoding=\"async\" class=\"emoji\" role=\"img\" draggable=\"false\" src=\"https:\/\/s.w.org\/images\/core\/emoji\/15.1.0\/svg\/2705.svg\" alt=\"\u2705\" \/> Casos reales de uso de IA en entornos corporativos<\/p><p data-start=\"702\" data-end=\"970\"><img decoding=\"async\" class=\"emoji\" role=\"img\" draggable=\"false\" src=\"https:\/\/s.w.org\/images\/core\/emoji\/15.1.0\/svg\/2705.svg\" alt=\"\u2705\" \/> Herramientas recomendadas<\/p><p data-start=\"702\" data-end=\"970\"><img decoding=\"async\" class=\"emoji\" role=\"img\" draggable=\"false\" src=\"https:\/\/s.w.org\/images\/core\/emoji\/15.1.0\/svg\/2705.svg\" alt=\"\u2705\" \/> Flujo de trabajo<\/p><p data-start=\"702\" data-end=\"970\"><img decoding=\"async\" class=\"emoji\" role=\"img\" draggable=\"false\" src=\"https:\/\/s.w.org\/images\/core\/emoji\/15.1.0\/svg\/2705.svg\" alt=\"\u2705\" \/>\u00a0Prompts clave<\/p><p data-start=\"702\" data-end=\"970\"><img decoding=\"async\" class=\"emoji\" role=\"img\" draggable=\"false\" src=\"https:\/\/s.w.org\/images\/core\/emoji\/15.1.0\/svg\/2705.svg\" alt=\"\u2705\" \/> Herramientas clave para productividad y toma de decisiones<\/p><p data-start=\"702\" data-end=\"970\"><img decoding=\"async\" class=\"emoji\" role=\"img\" draggable=\"false\" src=\"https:\/\/s.w.org\/images\/core\/emoji\/15.1.0\/svg\/2705.svg\" alt=\"\u2705\" \/> C\u00f3mo pensar estrat\u00e9gicamente con IA (m\u00e1s all\u00e1 del uso com\u00fan)<\/p><p data-start=\"702\" data-end=\"970\"><img decoding=\"async\" class=\"emoji\" role=\"img\" draggable=\"false\" src=\"https:\/\/s.w.org\/images\/core\/emoji\/15.1.0\/svg\/1f464.svg\" alt=\"\ud83d\udc64\" \/> <strong data-start=\"1052\" data-end=\"1067\">Dirigido a:<\/strong> Ejecutivos, l\u00edderes, gerentes y profesionales que no quieren quedarse atr\u00e1s con las nuevas tecnolog\u00edas y quieren lograr mayor impacto en sus organizaciones.<br data-start=\"1143\" data-end=\"1146\" \/><br \/><\/p><hr data-start=\"1352\" data-end=\"1355\" \/><p data-start=\"1413\" data-end=\"1460\">\u00a0<\/p><p data-start=\"1413\" data-end=\"1460\">Quienes entienden la IA, hoy tienen una clara ventaja.<\/p><\/div><\/li><\/ul><div class=\"css-146c3p1 r-bcqeeo r-1ttztb7 r-qvutc0 r-37j5jr r-a023e6 r-16dba41 r-1adg3ll r-a8ghvy r-p1pxzi\" dir=\"ltr\">\u00a0<\/div>\t\t\t\t\t\t\t\t<\/div>\n\t\t\t\t<\/div>\n\t\t\t\t<div class=\"elementor-element elementor-element-d04e7d9 elementor-align-center elementor-widget elementor-widget-button\" data-id=\"d04e7d9\" data-element_type=\"widget\" data-widget_type=\"button.default\">\n\t\t\t\t<div class=\"elementor-widget-container\">\n\t\t\t\t\t\t\t\t\t<div class=\"elementor-button-wrapper\">\n\t\t\t\t\t<a class=\"elementor-button elementor-button-link elementor-size-sm\" href=\"https:\/\/generativaconsulting.com\/es\/andre-mendez\/\">\n\t\t\t\t\t\t<span class=\"elementor-button-content-wrapper\">\n\t\t\t\t\t\t\t\t\t<span class=\"elementor-button-text\">Conoce al instructor<\/span>\n\t\t\t\t\t<\/span>\n\t\t\t\t\t<\/a>\n\t\t\t\t<\/div>\n\t\t\t\t\t\t\t\t<\/div>\n\t\t\t\t<\/div>\n\t\t\t\t\t<\/div>\n\t\t\t\t<\/div>\n\t\t<div class=\"elementor-element elementor-element-41ee57b e-flex e-con-boxed e-con e-parent\" data-id=\"41ee57b\" data-element_type=\"container\">\n\t\t\t\t\t<div class=\"e-con-inner\">\n\t\t\t\t<div class=\"elementor-element elementor-element-47c1d3d elementor-widget elementor-widget-heading\" data-id=\"47c1d3d\" data-element_type=\"widget\" data-widget_type=\"heading.default\">\n\t\t\t\t<div class=\"elementor-widget-container\">\n\t\t\t\t\t<h3 class=\"elementor-heading-title elementor-size-default\">\u00bfQu\u00e9 dicen los participantes de nuestros Masterclass anteriores?<\/h3>\t\t\t\t<\/div>\n\t\t\t\t<\/div>\n\t\t\t\t<div class=\"elementor-element elementor-element-d575f0d elementor-skin-carousel elementor-arrows-yes elementor-pagination-type-bullets elementor-pagination-position-outside elementor-widget elementor-widget-media-carousel\" data-id=\"d575f0d\" data-element_type=\"widget\" data-settings=\"{&quot;skin&quot;:&quot;carousel&quot;,&quot;effect&quot;:&quot;slide&quot;,&quot;show_arrows&quot;:&quot;yes&quot;,&quot;pagination&quot;:&quot;bullets&quot;,&quot;speed&quot;:500,&quot;autoplay&quot;:&quot;yes&quot;,&quot;autoplay_speed&quot;:5000,&quot;loop&quot;:&quot;yes&quot;,&quot;pause_on_hover&quot;:&quot;yes&quot;,&quot;pause_on_interaction&quot;:&quot;yes&quot;,&quot;space_between&quot;:{&quot;unit&quot;:&quot;px&quot;,&quot;size&quot;:10,&quot;sizes&quot;:[]},&quot;space_between_tablet&quot;:{&quot;unit&quot;:&quot;px&quot;,&quot;size&quot;:10,&quot;sizes&quot;:[]},&quot;space_between_mobile&quot;:{&quot;unit&quot;:&quot;px&quot;,&quot;size&quot;:10,&quot;sizes&quot;:[]}}\" data-widget_type=\"media-carousel.default\">\n\t\t\t\t<div class=\"elementor-widget-container\">\n\t\t\t\t\t\t\t\t\t<div class=\"elementor-swiper\">\n\t\t\t\t\t<div class=\"elementor-main-swiper swiper\" role=\"region\" aria-roledescription=\"carousel\" aria-label=\"Slides\">\n\t\t\t\t<div class=\"swiper-wrapper\">\n\t\t\t\t\t\t\t\t\t\t\t<div class=\"swiper-slide\" role=\"group\" aria-roledescription=\"slide\">\n\t\t\t\t\t\t\t\t\t<div class=\"elementor-carousel-image\" role=\"img\" aria-label=\"Captura de pantalla 2025-07-18 a la(s) 19.54.14\" style=\"background-image: url(&#039;https:\/\/generativaconsulting.com\/wp-content\/uploads\/2025\/07\/Captura-de-pantalla-2025-07-18-a-las-19.54.14.png&#039;)\">\n\n\t\t\t\n\t\t\t\t\t<\/div>\n\t\t\t\t\t\t\t\t<\/div>\n\t\t\t\t\t\t\t\t\t\t\t<div class=\"swiper-slide\" role=\"group\" aria-roledescription=\"slide\">\n\t\t\t\t\t\t\t\t\t<div class=\"elementor-carousel-image\" role=\"img\" aria-label=\"Captura de pantalla 2025-07-18 a la(s) 19.51.12\" style=\"background-image: url(&#039;https:\/\/generativaconsulting.com\/wp-content\/uploads\/2025\/07\/Captura-de-pantalla-2025-07-18-a-las-19.51.12.png&#039;)\">\n\n\t\t\t\n\t\t\t\t\t<\/div>\n\t\t\t\t\t\t\t\t<\/div>\n\t\t\t\t\t\t\t\t\t\t\t<div class=\"swiper-slide\" role=\"group\" aria-roledescription=\"slide\">\n\t\t\t\t\t\t\t\t\t<div class=\"elementor-carousel-image\" role=\"img\" aria-label=\"Captura de pantalla 2025-07-18 a la(s) 19.36.45\" style=\"background-image: url(&#039;https:\/\/generativaconsulting.com\/wp-content\/uploads\/2025\/07\/Captura-de-pantalla-2025-07-18-a-las-19.36.45.png&#039;)\">\n\n\t\t\t\n\t\t\t\t\t<\/div>\n\t\t\t\t\t\t\t\t<\/div>\n\t\t\t\t\t\t\t\t\t\t\t<div class=\"swiper-slide\" role=\"group\" aria-roledescription=\"slide\">\n\t\t\t\t\t\t\t\t\t<div class=\"elementor-carousel-image\" role=\"img\" aria-label=\"Captura de pantalla 2025-07-18 a la(s) 20.04.06\" style=\"background-image: url(&#039;https:\/\/generativaconsulting.com\/wp-content\/uploads\/2025\/07\/Captura-de-pantalla-2025-07-18-a-las-20.04.06.png&#039;)\">\n\n\t\t\t\n\t\t\t\t\t<\/div>\n\t\t\t\t\t\t\t\t<\/div>\n\t\t\t\t\t\t\t\t\t<\/div>\n\t\t\t\t\t\t\t\t\t\t\t\t\t\t\t<div class=\"elementor-swiper-button elementor-swiper-button-prev\" role=\"button\" tabindex=\"0\" aria-label=\"Previous\">\n\t\t\t\t\t\t\t<i aria-hidden=\"true\" class=\"eicon-chevron-left\"><\/i>\t\t\t\t\t\t<\/div>\n\t\t\t\t\t\t<div class=\"elementor-swiper-button elementor-swiper-button-next\" role=\"button\" tabindex=\"0\" aria-label=\"Next\">\n\t\t\t\t\t\t\t<i aria-hidden=\"true\" class=\"eicon-chevron-right\"><\/i>\t\t\t\t\t\t<\/div>\n\t\t\t\t\t\t\t\t\t\t\t\t\t\t\t\t<div class=\"swiper-pagination\"><\/div>\n\t\t\t\t\t\t\t\t\t\t\t\t<\/div>\n\t\t\t\t<\/div>\n\t\t\t\t\t\t\t\t<\/div>\n\t\t\t\t<\/div>\n\t\t\t\t\t<\/div>\n\t\t\t\t<\/div>\n\t\t\t\t<\/div>","protected":false},"excerpt":{"rendered":"<p>HOME . EXECUTIVE EXECUTIVE TRAINING IA Empresarial para ejecutivos Formato: Online o presencial Duraci\u00f3n:&nbsp;6 horas (100% pr\u00e1ctica)&nbsp; Dirigido a: Ejecutivos que buscan ganar conocimientos s\u00f3lidos sobre IA para el trabajo. Objetivo: Proporcionar una visi\u00f3n clara y pr\u00e1ctica sobre c\u00f3mo usar la IA profesionalmente, m\u00e1s all\u00e1 del uso com\u00fan. Valor:&nbsp;$200&nbsp;por participante&nbsp;(-30% de descuento para empresas salvadore\u00f1as) [&hellip;]<\/p>","protected":false},"author":1,"featured_media":0,"parent":0,"menu_order":0,"comment_status":"closed","ping_status":"closed","template":"templates\/page-builder-content.php","meta":{"footnotes":""},"class_list":["post-212","page","type-page","status-publish","hentry"],"_links":{"self":[{"href":"https:\/\/generativaconsulting.com\/es\/wp-json\/wp\/v2\/pages\/212","targetHints":{"allow":["GET"]}}],"collection":[{"href":"https:\/\/generativaconsulting.com\/es\/wp-json\/wp\/v2\/pages"}],"about":[{"href":"https:\/\/generativaconsulting.com\/es\/wp-json\/wp\/v2\/types\/page"}],"author":[{"embeddable":true,"href":"https:\/\/generativaconsulting.com\/es\/wp-json\/wp\/v2\/users\/1"}],"replies":[{"embeddable":true,"href":"https:\/\/generativaconsulting.com\/es\/wp-json\/wp\/v2\/comments?post=212"}],"version-history":[{"count":5,"href":"https:\/\/generativaconsulting.com\/es\/wp-json\/wp\/v2\/pages\/212\/revisions"}],"predecessor-version":[{"id":649,"href":"https:\/\/generativaconsulting.com\/es\/wp-json\/wp\/v2\/pages\/212\/revisions\/649"}],"wp:attachment":[{"href":"https:\/\/generativaconsulting.com\/es\/wp-json\/wp\/v2\/media?parent=212"}],"curies":[{"name":"wp","href":"https:\/\/api.w.org\/{rel}","templated":true}]}}